{"id":665,"date":"2021-01-20T15:06:04","date_gmt":"2021-01-20T15:06:04","guid":{"rendered":"https:\/\/www.hybritdevelopment.se\/?page_id=665"},"modified":"2025-08-12T13:47:35","modified_gmt":"2025-08-12T11:47:35","slug":"media-contacts","status":"publish","type":"page","link":"https:\/\/www.hybritdevelopment.se\/en\/contact\/media-contacts\/","title":{"rendered":"Media contacts"},"content":{"rendered":"<p>Curious about HYBRIT? We would be happy to answer your questions. Feel free to contact us as detailed below.<\/p>\n","protected":false},"excerpt":{"rendered":"<p>Curious about HYBRIT? We would be happy to answer your questions. Feel free to contact us as detailed below.<\/p>\n","protected":false},"author":18,"featured_media":0,"parent":676,"menu_order":0,"comment_status":"closed","ping_status":"closed","template":"","meta":{"_acf_changed":false,"inline_featured_image":false,"footnotes":""},"class_list":["post-665","page","type-page","status-publish","hentry"],"acf":[],"yoast_head":"<!-- This site is optimized with the Yoast SEO plugin v27.3 - https:\/\/yoast.com\/product\/yoast-seo-wordpress\/ -->\n<title>Media contacts - Hybrit<\/title>\n<meta name=\"description\" content=\"Nyfiken p\u00e5 HYBRIT? Vi svarar g\u00e4rna p\u00e5 dina fr\u00e5gor. Varmt v\u00e4lkommen att kontakta oss\" \/>\n<meta name=\"robots\" content=\"index, follow, max-snippet:-1, max-image-preview:large, max-video-preview:-1\" \/>\n<link rel=\"canonical\" href=\"https:\/\/www.hybritdevelopment.se\/en\/contact\/media-contacts\/\" \/>\n<meta property=\"og:locale\" content=\"en_US\" \/>\n<meta property=\"og:type\" content=\"article\" \/>\n<meta property=\"og:title\" content=\"Media contacts - Hybrit\" \/>\n<meta property=\"og:description\" content=\"Nyfiken p\u00e5 HYBRIT? Vi svarar g\u00e4rna p\u00e5 dina fr\u00e5gor. Varmt v\u00e4lkommen att kontakta oss\" \/>\n<meta property=\"og:url\" content=\"https:\/\/www.hybritdevelopment.se\/en\/contact\/media-contacts\/\" \/>\n<meta property=\"og:site_name\" content=\"Hybrit\" \/>\n<meta property=\"article:modified_time\" content=\"2025-08-12T11:47:35+00:00\" \/>\n<script type=\"application\/ld+json\" class=\"yoast-schema-graph\">{\"@context\":\"https:\\\/\\\/schema.org\",\"@graph\":[{\"@type\":\"WebPage\",\"@id\":\"https:\\\/\\\/www.hybritdevelopment.se\\\/en\\\/contact\\\/media-contacts\\\/\",\"url\":\"https:\\\/\\\/www.hybritdevelopment.se\\\/en\\\/contact\\\/media-contacts\\\/\",\"name\":\"Media contacts - Hybrit\",\"isPartOf\":{\"@id\":\"https:\\\/\\\/www.hybritdevelopment.se\\\/en\\\/#website\"},\"datePublished\":\"2021-01-20T15:06:04+00:00\",\"dateModified\":\"2025-08-12T11:47:35+00:00\",\"description\":\"Nyfiken p\u00e5 HYBRIT? Vi svarar g\u00e4rna p\u00e5 dina fr\u00e5gor. Varmt v\u00e4lkommen att kontakta oss\",\"breadcrumb\":{\"@id\":\"https:\\\/\\\/www.hybritdevelopment.se\\\/en\\\/contact\\\/media-contacts\\\/#breadcrumb\"},\"inLanguage\":\"en-US\",\"potentialAction\":[{\"@type\":\"ReadAction\",\"target\":[\"https:\\\/\\\/www.hybritdevelopment.se\\\/en\\\/contact\\\/media-contacts\\\/\"]}]},{\"@type\":\"BreadcrumbList\",\"@id\":\"https:\\\/\\\/www.hybritdevelopment.se\\\/en\\\/contact\\\/media-contacts\\\/#breadcrumb\",\"itemListElement\":[{\"@type\":\"ListItem\",\"position\":1,\"name\":\"Hem\",\"item\":\"https:\\\/\\\/www.hybritdevelopment.se\\\/en\\\/\"},{\"@type\":\"ListItem\",\"position\":2,\"name\":\"Contact\",\"item\":\"https:\\\/\\\/www.hybritdevelopment.se\\\/en\\\/contact\\\/\"},{\"@type\":\"ListItem\",\"position\":3,\"name\":\"Media contacts\"}]},{\"@type\":\"WebSite\",\"@id\":\"https:\\\/\\\/www.hybritdevelopment.se\\\/en\\\/#website\",\"url\":\"https:\\\/\\\/www.hybritdevelopment.se\\\/en\\\/\",\"name\":\"Hybrit\",\"description\":\"Fossilfritt st\u00e5l \u2013 en gemensam m\u00f6jlighet!\",\"publisher\":{\"@id\":\"https:\\\/\\\/www.hybritdevelopment.se\\\/en\\\/#organization\"},\"potentialAction\":[{\"@type\":\"SearchAction\",\"target\":{\"@type\":\"EntryPoint\",\"urlTemplate\":\"https:\\\/\\\/www.hybritdevelopment.se\\\/en\\\/?s={search_term_string}\"},\"query-input\":{\"@type\":\"PropertyValueSpecification\",\"valueRequired\":true,\"valueName\":\"search_term_string\"}}],\"inLanguage\":\"en-US\"},{\"@type\":\"Organization\",\"@id\":\"https:\\\/\\\/www.hybritdevelopment.se\\\/en\\\/#organization\",\"name\":\"Hybrit Development AB\",\"url\":\"https:\\\/\\\/www.hybritdevelopment.se\\\/en\\\/\",\"logo\":{\"@type\":\"ImageObject\",\"inLanguage\":\"en-US\",\"@id\":\"https:\\\/\\\/www.hybritdevelopment.se\\\/en\\\/#\\\/schema\\\/logo\\\/image\\\/\",\"url\":\"https:\\\/\\\/www.hybritdevelopment.se\\\/wp-content\\\/uploads\\\/2023\\\/09\\\/logo.svg\",\"contentUrl\":\"https:\\\/\\\/www.hybritdevelopment.se\\\/wp-content\\\/uploads\\\/2023\\\/09\\\/logo.svg\",\"width\":223,\"height\":70,\"caption\":\"Hybrit Development AB\"},\"image\":{\"@id\":\"https:\\\/\\\/www.hybritdevelopment.se\\\/en\\\/#\\\/schema\\\/logo\\\/image\\\/\"}}]}<\/script>\n<!-- \/ Yoast SEO plugin. -->","yoast_head_json":{"title":"Media contacts - Hybrit","description":"Nyfiken p\u00e5 HYBRIT? Vi svarar g\u00e4rna p\u00e5 dina fr\u00e5gor. Varmt v\u00e4lkommen att kontakta oss","robots":{"index":"index","follow":"follow","max-snippet":"max-snippet:-1","max-image-preview":"max-image-preview:large","max-video-preview":"max-video-preview:-1"},"canonical":"https:\/\/www.hybritdevelopment.se\/en\/contact\/media-contacts\/","og_locale":"en_US","og_type":"article","og_title":"Media contacts - Hybrit","og_description":"Nyfiken p\u00e5 HYBRIT? Vi svarar g\u00e4rna p\u00e5 dina fr\u00e5gor. Varmt v\u00e4lkommen att kontakta oss","og_url":"https:\/\/www.hybritdevelopment.se\/en\/contact\/media-contacts\/","og_site_name":"Hybrit","article_modified_time":"2025-08-12T11:47:35+00:00","schema":{"@context":"https:\/\/schema.org","@graph":[{"@type":"WebPage","@id":"https:\/\/www.hybritdevelopment.se\/en\/contact\/media-contacts\/","url":"https:\/\/www.hybritdevelopment.se\/en\/contact\/media-contacts\/","name":"Media contacts - Hybrit","isPartOf":{"@id":"https:\/\/www.hybritdevelopment.se\/en\/#website"},"datePublished":"2021-01-20T15:06:04+00:00","dateModified":"2025-08-12T11:47:35+00:00","description":"Nyfiken p\u00e5 HYBRIT? Vi svarar g\u00e4rna p\u00e5 dina fr\u00e5gor. Varmt v\u00e4lkommen att kontakta oss","breadcrumb":{"@id":"https:\/\/www.hybritdevelopment.se\/en\/contact\/media-contacts\/#breadcrumb"},"inLanguage":"en-US","potentialAction":[{"@type":"ReadAction","target":["https:\/\/www.hybritdevelopment.se\/en\/contact\/media-contacts\/"]}]},{"@type":"BreadcrumbList","@id":"https:\/\/www.hybritdevelopment.se\/en\/contact\/media-contacts\/#breadcrumb","itemListElement":[{"@type":"ListItem","position":1,"name":"Hem","item":"https:\/\/www.hybritdevelopment.se\/en\/"},{"@type":"ListItem","position":2,"name":"Contact","item":"https:\/\/www.hybritdevelopment.se\/en\/contact\/"},{"@type":"ListItem","position":3,"name":"Media contacts"}]},{"@type":"WebSite","@id":"https:\/\/www.hybritdevelopment.se\/en\/#website","url":"https:\/\/www.hybritdevelopment.se\/en\/","name":"Hybrit","description":"Fossilfritt st\u00e5l \u2013 en gemensam m\u00f6jlighet!","publisher":{"@id":"https:\/\/www.hybritdevelopment.se\/en\/#organization"},"potentialAction":[{"@type":"SearchAction","target":{"@type":"EntryPoint","urlTemplate":"https:\/\/www.hybritdevelopment.se\/en\/?s={search_term_string}"},"query-input":{"@type":"PropertyValueSpecification","valueRequired":true,"valueName":"search_term_string"}}],"inLanguage":"en-US"},{"@type":"Organization","@id":"https:\/\/www.hybritdevelopment.se\/en\/#organization","name":"Hybrit Development AB","url":"https:\/\/www.hybritdevelopment.se\/en\/","logo":{"@type":"ImageObject","inLanguage":"en-US","@id":"https:\/\/www.hybritdevelopment.se\/en\/#\/schema\/logo\/image\/","url":"https:\/\/www.hybritdevelopment.se\/wp-content\/uploads\/2023\/09\/logo.svg","contentUrl":"https:\/\/www.hybritdevelopment.se\/wp-content\/uploads\/2023\/09\/logo.svg","width":223,"height":70,"caption":"Hybrit Development AB"},"image":{"@id":"https:\/\/www.hybritdevelopment.se\/en\/#\/schema\/logo\/image\/"}}]}},"_links":{"self":[{"href":"https:\/\/www.hybritdevelopment.se\/en\/wp-json\/wp\/v2\/pages\/665","targetHints":{"allow":["GET"]}}],"collection":[{"href":"https:\/\/www.hybritdevelopment.se\/en\/wp-json\/wp\/v2\/pages"}],"about":[{"href":"https:\/\/www.hybritdevelopment.se\/en\/wp-json\/wp\/v2\/types\/page"}],"author":[{"embeddable":true,"href":"https:\/\/www.hybritdevelopment.se\/en\/wp-json\/wp\/v2\/users\/18"}],"replies":[{"embeddable":true,"href":"https:\/\/www.hybritdevelopment.se\/en\/wp-json\/wp\/v2\/comments?post=665"}],"version-history":[{"count":7,"href":"https:\/\/www.hybritdevelopment.se\/en\/wp-json\/wp\/v2\/pages\/665\/revisions"}],"predecessor-version":[{"id":2880,"href":"https:\/\/www.hybritdevelopment.se\/en\/wp-json\/wp\/v2\/pages\/665\/revisions\/2880"}],"up":[{"embeddable":true,"href":"https:\/\/www.hybritdevelopment.se\/en\/wp-json\/wp\/v2\/pages\/676"}],"wp:attachment":[{"href":"https:\/\/www.hybritdevelopment.se\/en\/wp-json\/wp\/v2\/media?parent=665"}],"curies":[{"name":"wp","href":"https:\/\/api.w.org\/{rel}","templated":true}]}}